{"id":1899,"date":"2024-12-19T21:22:22","date_gmt":"2024-12-19T20:22:22","guid":{"rendered":"https:\/\/www.histoiredebal.com\/?page_id=1899"},"modified":"2024-12-19T21:22:23","modified_gmt":"2024-12-19T20:22:23","slug":"le-projet-contredanses-musique","status":"publish","type":"page","link":"https:\/\/www.histoiredebal.com\/en\/le-projet-contredanses-musique\/","title":{"rendered":"Music: Country dances in the Austrian Netherlands"},"content":{"rendered":"\n<p>Do you teach historical dance?<\/p>\n\n\n\n<p>Do you have a hard time finding dances to teach, and their music?<\/p>\n\n\n\n<p>Me too. It takes a huge amount of energy to build up and broaden up one\u2019s repertoire. Indeed, you must regularly follow workshops (sometimes far away, often rare and expensive). There, you need to note down de steps and figures instructions, and get the music recording. If you are lucky, you\u2019ll receive it , or be able to buy it on premise \u2013 even though it is less and less common.<\/p>\n\n\n\n<p>So you wander on the web and in the music shops, even on the second-hand market, to find back the perfect recording. The tempo, the number of repetition, the length of the track, are as many cases you need to check off on the \u00ab&nbsp;usable music&nbsp;\u00bb list.<\/p>\n\n\n\n<p>Maybe do you work with musicians? The hunting is still going, not to find CD\u2019s anymore, but to find music sheets. Those valuable documents are sometimes hard to reach. When on the contrary, you work on a very common melody, you can get drowned under the number of versions and arrangements.<\/p>\n\n\n\n<p>And the work is stil not done! You still need to study the choreography. Then the steps must be dissected so that your pupils can digest them. And finally, you\u2019ll have to teach the dance to the said dancers.<\/p>\n\n\n\n<p>Sometimes, and it is here that the drama takes place, the dancers do not appreciate the dance that you carefully prepared and teach. #truestory<\/p>\n\n\n<div class=\"wp-block-image is-resized\">\n<figure class=\"aligncenter size-medium\"><img loading=\"lazy\" decoding=\"async\" width=\"300\" height=\"300\" src=\"https:\/\/www.histoiredebal.com\/wp-content\/uploads\/2023\/10\/Contredanses-des-Pays-Bas-autrichiens-300x300.png\" alt=\"music musique contredanses pays-bas autrichiens baroque 18\u00e8me si\u00e8cle charles de lorraine 1770s quadrille\" class=\"wp-image-1446\" srcset=\"https:\/\/www.histoiredebal.com\/wp-content\/uploads\/2023\/10\/Contredanses-des-Pays-Bas-autrichiens-300x300.png 300w, https:\/\/www.histoiredebal.com\/wp-content\/uploads\/2023\/10\/Contredanses-des-Pays-Bas-autrichiens-1024x1024.png 1024w, https:\/\/www.histoiredebal.com\/wp-content\/uploads\/2023\/10\/Contredanses-des-Pays-Bas-autrichiens-150x150.png 150w, https:\/\/www.histoiredebal.com\/wp-content\/uploads\/2023\/10\/Contredanses-des-Pays-Bas-autrichiens-768x768.png 768w, https:\/\/www.histoiredebal.com\/wp-content\/uploads\/2023\/10\/Contredanses-des-Pays-Bas-autrichiens-570x570.png 570w, https:\/\/www.histoiredebal.com\/wp-content\/uploads\/2023\/10\/Contredanses-des-Pays-Bas-autrichiens-510x510.png 510w, https:\/\/www.histoiredebal.com\/wp-content\/uploads\/2023\/10\/Contredanses-des-Pays-Bas-autrichiens.png 1400w\" sizes=\"auto, (max-width: 300px) 100vw, 300px\" \/><\/figure>\n<\/div>\n\n\n<h2 class=\"wp-block-heading\">Music recording and dance instruction booklet<\/h2>\n\n\n\n<p>Dance teachers, early music lovers, <a href=\"https:\/\/www.histoiredebal.com\/about\/\">Histoire de Bal<\/a> has thought of you.<\/p>\n\n\n\n<p>I\u2019ve worked with two talented professional musicians to bring you quality teaching material that\u2019s easy to read and use.<\/p>\n\n\n\n<p>In this new project, I offer you <strong>eleven (11!) completely new pieces of country dance music<\/strong>. No other recordings of these melodies exist. A duo of young professional musicians, Dries De Maeyer (flute) and Tim Mulleman (piano) have reconstructed and arranged the music, based on my reconstructions.<\/p>\n\n\n\n<p>The tracks are long enough to fully perform the whole choreography: yes, even the twelve repeats for a standard <a href=\"https:\/\/www.histoiredebal.com\/2020\/07\/13\/longways-mode-demploi\/\">triple minor set longways<\/a>!<\/p>\n\n\n\n<p>Tests with dancers from the <a href=\"http:\/\/www.aliquam-amentis.com\" target=\"_blank\" rel=\"noreferrer noopener\">Compagnie Aliquam Amentis<\/a> ensured that the tempo was adapted to the dance throughout. Dries and Tim also came up with clever arrangements to avoid monotony and guarantee musical interest. At all times, the rhythm and structure of the dance are respected.<\/p>\n\n\n\n<p>Music is the basis of everything, of course, but it\u2019s not enough. That\u2019s why a booklet completes the CD. The booklet contains instructions for all the dances on the CD. It also includes a short historical introduction and a glossary.<\/p>\n\n\n\n<p>I\u2019m using the same principle as in my free ebook \u00ab&nbsp;Five historical dance choreographies&nbsp;\u00bb \u2013 offered when you subscribe to the newsletter (form at the bottom of the page). It\u2019s a great way to see how I explain dances.<\/p>\n\n\n\n<p>Because yes, everyone has their own way of describing movements. Who doesn\u2019t? I\u2019ve tried to be as clear as possible. However, should you come up against a figure, just contact me, and I\u2019ll be delighted to explain the dance even better to you . My contact details are in the booklet.<\/p>\n\n\n\n<p>With these tools: the recordings and the booklet, you\u2019ll be ready to teach this repertoire!<\/p>\n\n\n\n<h2 class=\"wp-block-heading\">Musical and choreographic repertoire<\/h2>\n\n\n\n<p>The project contains eleven dances published in the Austrian Netherlands \u2013 in nowadays Belgium, in Brussels and Louvain. I have selected them from two collections:<\/p>\n\n\n\n<ul class=\"wp-block-list\">\n<li>The first, <em>Recueil de Contredanses<\/em> (books 1 and 2) by Pierre Trappeniers, was published in Brussels around 1777. If the name Trappeniers doesn\u2019t ring a bell, you\u2019re probably familiar with his most famous dance: <strong>La Gavre<\/strong>. Of course, I haven\u2019t re-recorded La Gavre, of which there are already dozens of versions. I\u2019ve chosen different but equally charming melodies, such as <em>L\u2019organiste<\/em>, and my personal favorite <em>La L\u00e9opoldine<\/em>.<\/li>\n\n\n\n<li>The second is<em> Le Bouquet tout fait<\/em> by L. Ferry, published in Louvain around 1765. The Bouquet lives up to its name, as each dance in the book is named after a plant: <em>La Pens\u00e9e<\/em> (The Pansy), <em>La fleur de cerisier<\/em> (The cherry blossom), <em>La Rose blanche<\/em> (The white rose). A concept album before its time, if you will.<\/li>\n<\/ul>\n\n\n\n<p>The dances range in difficulty from \u00ab&nbsp;very simple&nbsp;\u00bb (<em>Le prunier en fleur<\/em>) to \u00ab&nbsp;stay focused&nbsp;\u00bb (<em>Le Poirier<\/em>), for everyone to enjoy.<\/p>\n\n\n\n<p>You\u2019ll find two types of Baroque (contre)dance on the CD:<\/p>\n\n\n\n<ul class=\"wp-block-list\">\n<li><a href=\"https:\/\/www.histoiredebal.com\/en\/2024\/12\/19\/quest-ce-quun-cotillon\/\">Cotillions<\/a>, or French-style contredanses, in squares for four couples;<\/li>\n\n\n\n<li>\u00ab\u00a0Columns\u00a0\u00bb, or English-style country dances \u2013 longways.<\/li>\n<\/ul>\n\n\n\n<h2 class=\"wp-block-heading\">How to get the music and the booklet?<\/h2>\n\n\n\n<p>The <a href=\"https:\/\/histoiredebal.bandcamp.com\/\" target=\"_blank\" rel=\"noreferrer noopener\">Histoire de Bal<\/a> blog is on Bandcamp. This secure platform allows you to:<\/p>\n\n\n\n<ul class=\"wp-block-list\">\n<li>\u00a0\u00a0\u00a0 Listen to the music;<\/li>\n\n\n\n<li>\u00a0\u00a0\u00a0 Buy the music, either track by track, or by whole album \u2013 in mp3, flac and other formats;<\/li>\n\n\n\n<li>\u00a0\u00a0\u00a0 Make secure payments that truly support the artists.<\/li>\n<\/ul>\n\n\n\n<p><strong>Important note<\/strong>: to purchase the booklet (available in French and English), you need to buy the \u00ab&nbsp;Contredanses booklet&nbsp;\u00bb album. You\u2019ll then receive a musical extract + the PDF of the booklet.<\/p>\n\n\n\n<p>Several articles will be published on the blog to illustrate certain points of dance technique. To make sure you don\u2019t miss a single article, don\u2019t forget to subscribe to our newsletter! (well, you\u2019ll need to actually subscribe, because thinking about it really hard just won\u2019t do).<\/p>\n\n\n\n<h2 class=\"wp-block-heading\">Acknowledgements<\/h2>\n\n\n\n<p>Special thanks to Ga\u00ebl Vandezande, Gwen Thoveron, Yvonne Vart, Dries De Maeyer, Tim Mullemans, Tim Wuyts, and the dancers of the Aliquam Amentis company (Brussels).entis (Bruxelles).<\/p>\n\n\n\n<p><iframe style=\"border: 0; width: 100%; height: 120px;\" src=\"https:\/\/bandcamp.com\/EmbeddedPlayer\/album=3094260735\/size=large\/bgcol=333333\/linkcol=0f91ff\/tracklist=false\/artwork=small\/transparent=true\/\" seamless=\"\"><a href=\"https:\/\/histoiredebal.bandcamp.com\/album\/contredanse-des-pays-bas-anciens\">Contredanse des Pays-Bas anciens by Histoire de Bal<\/a><\/iframe><\/p>\n","protected":false},"excerpt":{"rendered":"<p>Le projet musical &#8220;contredanses des Pays-Bas anciens&#8221; a permis d&#8217;enregistrer des danses baroques in\u00e9dites. La description des danses est disponibles, ainsi que la musique en t\u00e9l\u00e9chargement.<\/p>\n","protected":false},"author":4,"featured_media":1446,"parent":0,"menu_order":0,"comment_status":"closed","ping_status":"closed","template":"","meta":{"_locale":"en_US","_original_post":"https:\/\/www.histoiredebal.com\/?page_id=1441","footnotes":""},"class_list":["post-1899","page","type-page","status-publish","has-post-thumbnail","hentry","en-US"],"yoast_head":"<!-- This site is optimized with the Yoast SEO plugin v27.4 - https:\/\/yoast.com\/product\/yoast-seo-wordpress\/ -->\n<title>Music: Country dances in the Austrian Netherlands - Histoire de bal<\/title>\n<meta name=\"description\" content=\"The project &quot;Country dances in the Austrian Netherlands&quot; brings back to life the music and country dances from the 18th century\" \/>\n<meta name=\"robots\" content=\"index, follow, max-snippet:-1, max-image-preview:large, max-video-preview:-1\" \/>\n<link rel=\"canonical\" href=\"https:\/\/www.histoiredebal.com\/en\/le-projet-contredanses-musique\/\" \/>\n<meta property=\"og:locale\" content=\"en_US\" \/>\n<meta property=\"og:type\" content=\"article\" \/>\n<meta property=\"og:title\" content=\"Music: Country dances in the Austrian Netherlands - Histoire de bal\" \/>\n<meta property=\"og:description\" content=\"The project &quot;Country dances in the Austrian Netherlands&quot; brings back to life the music and country dances from the 18th century\" \/>\n<meta property=\"og:url\" content=\"https:\/\/www.histoiredebal.com\/en\/le-projet-contredanses-musique\/\" \/>\n<meta property=\"og:site_name\" content=\"Histoire de bal\" \/>\n<meta property=\"article:publisher\" content=\"https:\/\/www.facebook.com\/Histoiredebal\" \/>\n<meta property=\"article:modified_time\" content=\"2024-12-19T20:22:23+00:00\" \/>\n<meta property=\"og:image\" content=\"https:\/\/www.histoiredebal.com\/wp-content\/uploads\/2023\/10\/Contredanses-des-Pays-Bas-autrichiens.png\" \/>\n\t<meta property=\"og:image:width\" content=\"1400\" \/>\n\t<meta property=\"og:image:height\" content=\"1400\" \/>\n\t<meta property=\"og:image:type\" content=\"image\/png\" \/>\n<meta name=\"twitter:card\" content=\"summary_large_image\" \/>\n<meta name=\"twitter:site\" content=\"@BalHistoire\" \/>\n<meta name=\"twitter:label1\" content=\"Est. reading time\" \/>\n\t<meta name=\"twitter:data1\" content=\"6 minutes\" \/>\n<script type=\"application\/ld+json\" class=\"yoast-schema-graph\">{\"@context\":\"https:\\\/\\\/schema.org\",\"@graph\":[{\"@type\":\"WebPage\",\"@id\":\"https:\\\/\\\/www.histoiredebal.com\\\/en\\\/le-projet-contredanses-musique\\\/\",\"url\":\"https:\\\/\\\/www.histoiredebal.com\\\/en\\\/le-projet-contredanses-musique\\\/\",\"name\":\"Music: Country dances in the Austrian Netherlands - Histoire de bal\",\"isPartOf\":{\"@id\":\"https:\\\/\\\/www.histoiredebal.com\\\/#website\"},\"primaryImageOfPage\":{\"@id\":\"https:\\\/\\\/www.histoiredebal.com\\\/en\\\/le-projet-contredanses-musique\\\/#primaryimage\"},\"image\":{\"@id\":\"https:\\\/\\\/www.histoiredebal.com\\\/en\\\/le-projet-contredanses-musique\\\/#primaryimage\"},\"thumbnailUrl\":\"https:\\\/\\\/www.histoiredebal.com\\\/wp-content\\\/uploads\\\/2023\\\/10\\\/Contredanses-des-Pays-Bas-autrichiens.png\",\"datePublished\":\"2024-12-19T20:22:22+00:00\",\"dateModified\":\"2024-12-19T20:22:23+00:00\",\"description\":\"The project \\\"Country dances in the Austrian Netherlands\\\" brings back to life the music and country dances from the 18th century\",\"breadcrumb\":{\"@id\":\"https:\\\/\\\/www.histoiredebal.com\\\/en\\\/le-projet-contredanses-musique\\\/#breadcrumb\"},\"inLanguage\":\"en-US\",\"potentialAction\":[{\"@type\":\"ReadAction\",\"target\":[\"https:\\\/\\\/www.histoiredebal.com\\\/en\\\/le-projet-contredanses-musique\\\/\"]}]},{\"@type\":\"ImageObject\",\"inLanguage\":\"en-US\",\"@id\":\"https:\\\/\\\/www.histoiredebal.com\\\/en\\\/le-projet-contredanses-musique\\\/#primaryimage\",\"url\":\"https:\\\/\\\/www.histoiredebal.com\\\/wp-content\\\/uploads\\\/2023\\\/10\\\/Contredanses-des-Pays-Bas-autrichiens.png\",\"contentUrl\":\"https:\\\/\\\/www.histoiredebal.com\\\/wp-content\\\/uploads\\\/2023\\\/10\\\/Contredanses-des-Pays-Bas-autrichiens.png\",\"width\":1400,\"height\":1400},{\"@type\":\"BreadcrumbList\",\"@id\":\"https:\\\/\\\/www.histoiredebal.com\\\/en\\\/le-projet-contredanses-musique\\\/#breadcrumb\",\"itemListElement\":[{\"@type\":\"ListItem\",\"position\":1,\"name\":\"Accueil\",\"item\":\"https:\\\/\\\/www.histoiredebal.com\\\/en\\\/\"},{\"@type\":\"ListItem\",\"position\":2,\"name\":\"Music: Country dances in the Austrian Netherlands\"}]},{\"@type\":\"WebSite\",\"@id\":\"https:\\\/\\\/www.histoiredebal.com\\\/#website\",\"url\":\"https:\\\/\\\/www.histoiredebal.com\\\/\",\"name\":\"Histoire de bal.\",\"description\":\"La danse ancienne mise en contexte\",\"publisher\":{\"@id\":\"https:\\\/\\\/www.histoiredebal.com\\\/#organization\"},\"potentialAction\":[{\"@type\":\"SearchAction\",\"target\":{\"@type\":\"EntryPoint\",\"urlTemplate\":\"https:\\\/\\\/www.histoiredebal.com\\\/?s={search_term_string}\"},\"query-input\":{\"@type\":\"PropertyValueSpecification\",\"valueRequired\":true,\"valueName\":\"search_term_string\"}}],\"inLanguage\":\"en-US\"},{\"@type\":\"Organization\",\"@id\":\"https:\\\/\\\/www.histoiredebal.com\\\/#organization\",\"name\":\"Histoire de bal\",\"url\":\"https:\\\/\\\/www.histoiredebal.com\\\/\",\"logo\":{\"@type\":\"ImageObject\",\"inLanguage\":\"en-US\",\"@id\":\"https:\\\/\\\/www.histoiredebal.com\\\/#\\\/schema\\\/logo\\\/image\\\/\",\"url\":\"https:\\\/\\\/www.histoiredebal.com\\\/wp-content\\\/uploads\\\/2019\\\/12\\\/hot-air-balloon-mini.jpg\",\"contentUrl\":\"https:\\\/\\\/www.histoiredebal.com\\\/wp-content\\\/uploads\\\/2019\\\/12\\\/hot-air-balloon-mini.jpg\",\"width\":100,\"height\":100,\"caption\":\"Histoire de bal\"},\"image\":{\"@id\":\"https:\\\/\\\/www.histoiredebal.com\\\/#\\\/schema\\\/logo\\\/image\\\/\"},\"sameAs\":[\"https:\\\/\\\/www.facebook.com\\\/Histoiredebal\",\"https:\\\/\\\/x.com\\\/BalHistoire\"]}]}<\/script>\n<!-- \/ Yoast SEO plugin. -->","yoast_head_json":{"title":"Music: Country dances in the Austrian Netherlands - Histoire de bal","description":"The project \"Country dances in the Austrian Netherlands\" brings back to life the music and country dances from the 18th century","robots":{"index":"index","follow":"follow","max-snippet":"max-snippet:-1","max-image-preview":"max-image-preview:large","max-video-preview":"max-video-preview:-1"},"canonical":"https:\/\/www.histoiredebal.com\/en\/le-projet-contredanses-musique\/","og_locale":"en_US","og_type":"article","og_title":"Music: Country dances in the Austrian Netherlands - Histoire de bal","og_description":"The project \"Country dances in the Austrian Netherlands\" brings back to life the music and country dances from the 18th century","og_url":"https:\/\/www.histoiredebal.com\/en\/le-projet-contredanses-musique\/","og_site_name":"Histoire de bal","article_publisher":"https:\/\/www.facebook.com\/Histoiredebal","article_modified_time":"2024-12-19T20:22:23+00:00","og_image":[{"width":1400,"height":1400,"url":"https:\/\/www.histoiredebal.com\/wp-content\/uploads\/2023\/10\/Contredanses-des-Pays-Bas-autrichiens.png","type":"image\/png"}],"twitter_card":"summary_large_image","twitter_site":"@BalHistoire","twitter_misc":{"Est. reading time":"6 minutes"},"schema":{"@context":"https:\/\/schema.org","@graph":[{"@type":"WebPage","@id":"https:\/\/www.histoiredebal.com\/en\/le-projet-contredanses-musique\/","url":"https:\/\/www.histoiredebal.com\/en\/le-projet-contredanses-musique\/","name":"Music: Country dances in the Austrian Netherlands - Histoire de bal","isPartOf":{"@id":"https:\/\/www.histoiredebal.com\/#website"},"primaryImageOfPage":{"@id":"https:\/\/www.histoiredebal.com\/en\/le-projet-contredanses-musique\/#primaryimage"},"image":{"@id":"https:\/\/www.histoiredebal.com\/en\/le-projet-contredanses-musique\/#primaryimage"},"thumbnailUrl":"https:\/\/www.histoiredebal.com\/wp-content\/uploads\/2023\/10\/Contredanses-des-Pays-Bas-autrichiens.png","datePublished":"2024-12-19T20:22:22+00:00","dateModified":"2024-12-19T20:22:23+00:00","description":"The project \"Country dances in the Austrian Netherlands\" brings back to life the music and country dances from the 18th century","breadcrumb":{"@id":"https:\/\/www.histoiredebal.com\/en\/le-projet-contredanses-musique\/#breadcrumb"},"inLanguage":"en-US","potentialAction":[{"@type":"ReadAction","target":["https:\/\/www.histoiredebal.com\/en\/le-projet-contredanses-musique\/"]}]},{"@type":"ImageObject","inLanguage":"en-US","@id":"https:\/\/www.histoiredebal.com\/en\/le-projet-contredanses-musique\/#primaryimage","url":"https:\/\/www.histoiredebal.com\/wp-content\/uploads\/2023\/10\/Contredanses-des-Pays-Bas-autrichiens.png","contentUrl":"https:\/\/www.histoiredebal.com\/wp-content\/uploads\/2023\/10\/Contredanses-des-Pays-Bas-autrichiens.png","width":1400,"height":1400},{"@type":"BreadcrumbList","@id":"https:\/\/www.histoiredebal.com\/en\/le-projet-contredanses-musique\/#breadcrumb","itemListElement":[{"@type":"ListItem","position":1,"name":"Accueil","item":"https:\/\/www.histoiredebal.com\/en\/"},{"@type":"ListItem","position":2,"name":"Music: Country dances in the Austrian Netherlands"}]},{"@type":"WebSite","@id":"https:\/\/www.histoiredebal.com\/#website","url":"https:\/\/www.histoiredebal.com\/","name":"Histoire de bal.","description":"La danse ancienne mise en contexte","publisher":{"@id":"https:\/\/www.histoiredebal.com\/#organization"},"potentialAction":[{"@type":"SearchAction","target":{"@type":"EntryPoint","urlTemplate":"https:\/\/www.histoiredebal.com\/?s={search_term_string}"},"query-input":{"@type":"PropertyValueSpecification","valueRequired":true,"valueName":"search_term_string"}}],"inLanguage":"en-US"},{"@type":"Organization","@id":"https:\/\/www.histoiredebal.com\/#organization","name":"Histoire de bal","url":"https:\/\/www.histoiredebal.com\/","logo":{"@type":"ImageObject","inLanguage":"en-US","@id":"https:\/\/www.histoiredebal.com\/#\/schema\/logo\/image\/","url":"https:\/\/www.histoiredebal.com\/wp-content\/uploads\/2019\/12\/hot-air-balloon-mini.jpg","contentUrl":"https:\/\/www.histoiredebal.com\/wp-content\/uploads\/2019\/12\/hot-air-balloon-mini.jpg","width":100,"height":100,"caption":"Histoire de bal"},"image":{"@id":"https:\/\/www.histoiredebal.com\/#\/schema\/logo\/image\/"},"sameAs":["https:\/\/www.facebook.com\/Histoiredebal","https:\/\/x.com\/BalHistoire"]}]}},"_links":{"self":[{"href":"https:\/\/www.histoiredebal.com\/wp-json\/wp\/v2\/pages\/1899","targetHints":{"allow":["GET"]}}],"collection":[{"href":"https:\/\/www.histoiredebal.com\/wp-json\/wp\/v2\/pages"}],"about":[{"href":"https:\/\/www.histoiredebal.com\/wp-json\/wp\/v2\/types\/page"}],"author":[{"embeddable":true,"href":"https:\/\/www.histoiredebal.com\/wp-json\/wp\/v2\/users\/4"}],"replies":[{"embeddable":true,"href":"https:\/\/www.histoiredebal.com\/wp-json\/wp\/v2\/comments?post=1899"}],"version-history":[{"count":2,"href":"https:\/\/www.histoiredebal.com\/wp-json\/wp\/v2\/pages\/1899\/revisions"}],"predecessor-version":[{"id":1901,"href":"https:\/\/www.histoiredebal.com\/wp-json\/wp\/v2\/pages\/1899\/revisions\/1901"}],"wp:featuredmedia":[{"embeddable":true,"href":"https:\/\/www.histoiredebal.com\/wp-json\/wp\/v2\/media\/1446"}],"wp:attachment":[{"href":"https:\/\/www.histoiredebal.com\/wp-json\/wp\/v2\/media?parent=1899"}],"curies":[{"name":"wp","href":"https:\/\/api.w.org\/{rel}","templated":true}]}}